
{"id":134,"date":"2025-03-26T11:10:17","date_gmt":"2025-03-26T10:10:17","guid":{"rendered":"https:\/\/www.bkw-consult.de\/?page_id=134"},"modified":"2025-03-26T11:10:18","modified_gmt":"2025-03-26T10:10:18","slug":"powerbi-showcase","status":"publish","type":"page","link":"https:\/\/www.bkw-consult.de\/?page_id=134","title":{"rendered":"PowerBI Showcase"},"content":{"rendered":"\n<iframe loading=\"lazy\" title=\"Einwohner_Muenchen\" width=\"600\" height=\"373.5\" src=\"https:\/\/app.powerbi.com\/view?r=eyJrIjoiYzZiZGQ2ODMtYjdjZS00M2FmLWEwNDEtMjA4ODU2YzNhMzg0IiwidCI6IjI5NDBjOGM4LWEzNWEtNDJhYS1iZmU5LWNkYWY0YzJkMDA3NyIsImMiOjl9\" frameborder=\"0\" allowFullScreen=\"true\"><\/iframe>\n\n\n\n<p class=\"wp-block-paragraph\">Das ist eine Auswertung einer Internetseite von Wikipedia (https:\/\/de.wikipedia.org\/wiki\/Einwohnerentwicklung_von_M%C3%BCnchen).<br><br>Auf dieser Seite sind die f\u00fcr die obige Visualisierung n\u00f6tigen Zahlen \u00fcber sehr viele Tabellen verteilt. Die Hauptaufgabe bestand darin die korrekten Daten von dieser Netzseite zu extrahieren und zu transformieren.<br><br>Verglichen mit dem anderen Showcase ist die Darstellung hier &#8222;quick and dirty&#8220;.<\/p>\n","protected":false},"excerpt":{"rendered":"<p>Das ist eine Auswertung einer Internetseite von Wikipedia (https:\/\/de.wikipedia.org\/wiki\/Einwohnerentwicklung_von_M%C3%BCnchen). Auf dieser Seite sind die f\u00fcr die obige Visualisierung n\u00f6tigen Zahlen \u00fcber sehr viele Tabellen verteilt. Die Hauptaufgabe bestand darin die korrekten Daten von dieser Netzseite zu extrahieren und zu transformieren. Verglichen mit dem anderen Showcase ist die Darstellung hier &#8222;quick and dirty&#8220;.<\/p>\n","protected":false},"author":1,"featured_media":0,"parent":0,"menu_order":0,"comment_status":"closed","ping_status":"closed","template":"","meta":{"_crdt_document":"","footnotes":""},"class_list":["post-134","page","type-page","status-publish","hentry"],"yoast_head":"<!-- This site is optimized with the Yoast SEO plugin v27.5 - https:\/\/yoast.com\/product\/yoast-seo-wordpress\/ -->\n<title>PowerBI Showcase - BKW Consult UG<\/title>\n<meta name=\"robots\" content=\"index, follow, max-snippet:-1, max-image-preview:large, max-video-preview:-1\" \/>\n<link rel=\"canonical\" href=\"https:\/\/www.bkw-consult.de\/?page_id=134\" \/>\n<meta property=\"og:locale\" content=\"de_DE\" \/>\n<meta property=\"og:type\" content=\"article\" \/>\n<meta property=\"og:title\" content=\"PowerBI Showcase - BKW Consult UG\" \/>\n<meta property=\"og:description\" content=\"Das ist eine Auswertung einer Internetseite von Wikipedia (https:\/\/de.wikipedia.org\/wiki\/Einwohnerentwicklung_von_M%C3%BCnchen). Auf dieser Seite sind die f\u00fcr die obige Visualisierung n\u00f6tigen Zahlen \u00fcber sehr viele Tabellen verteilt. Die Hauptaufgabe bestand darin die korrekten Daten von dieser Netzseite zu extrahieren und zu transformieren. Verglichen mit dem anderen Showcase ist die Darstellung hier &#8222;quick and dirty&#8220;.\" \/>\n<meta property=\"og:url\" content=\"https:\/\/www.bkw-consult.de\/?page_id=134\" \/>\n<meta property=\"og:site_name\" content=\"BKW Consult UG\" \/>\n<meta property=\"article:modified_time\" content=\"2025-03-26T10:10:18+00:00\" \/>\n<meta name=\"twitter:card\" content=\"summary_large_image\" \/>\n<meta name=\"twitter:site\" content=\"@BKWConsultGmbH\" \/>\n<meta name=\"twitter:label1\" content=\"Gesch\u00e4tzte Lesezeit\" \/>\n\t<meta name=\"twitter:data1\" content=\"1\u00a0Minute\" \/>\n<script type=\"application\/ld+json\" class=\"yoast-schema-graph\">{\"@context\":\"https:\\\/\\\/schema.org\",\"@graph\":[{\"@type\":\"WebPage\",\"@id\":\"https:\\\/\\\/www.bkw-consult.de\\\/?page_id=134\",\"url\":\"https:\\\/\\\/www.bkw-consult.de\\\/?page_id=134\",\"name\":\"PowerBI Showcase - BKW Consult UG\",\"isPartOf\":{\"@id\":\"https:\\\/\\\/www.bkw-consult.de\\\/#website\"},\"datePublished\":\"2025-03-26T10:10:17+00:00\",\"dateModified\":\"2025-03-26T10:10:18+00:00\",\"breadcrumb\":{\"@id\":\"https:\\\/\\\/www.bkw-consult.de\\\/?page_id=134#breadcrumb\"},\"inLanguage\":\"de\",\"potentialAction\":[{\"@type\":\"ReadAction\",\"target\":[\"https:\\\/\\\/www.bkw-consult.de\\\/?page_id=134\"]}]},{\"@type\":\"BreadcrumbList\",\"@id\":\"https:\\\/\\\/www.bkw-consult.de\\\/?page_id=134#breadcrumb\",\"itemListElement\":[{\"@type\":\"ListItem\",\"position\":1,\"name\":\"Startseite\",\"item\":\"https:\\\/\\\/www.bkw-consult.de\\\/\"},{\"@type\":\"ListItem\",\"position\":2,\"name\":\"PowerBI Showcase\"}]},{\"@type\":\"WebSite\",\"@id\":\"https:\\\/\\\/www.bkw-consult.de\\\/#website\",\"url\":\"https:\\\/\\\/www.bkw-consult.de\\\/\",\"name\":\"BKW Consult\",\"description\":\"IT Beratung f\u00fcr Business Intelligence, Automatisierung und moderne Zusammenarbeit. Und das mit Sicherheit.\",\"publisher\":{\"@id\":\"https:\\\/\\\/www.bkw-consult.de\\\/#organization\"},\"alternateName\":\"BKWCUG\",\"potentialAction\":[{\"@type\":\"SearchAction\",\"target\":{\"@type\":\"EntryPoint\",\"urlTemplate\":\"https:\\\/\\\/www.bkw-consult.de\\\/?s={search_term_string}\"},\"query-input\":{\"@type\":\"PropertyValueSpecification\",\"valueRequired\":true,\"valueName\":\"search_term_string\"}}],\"inLanguage\":\"de\"},{\"@type\":\"Organization\",\"@id\":\"https:\\\/\\\/www.bkw-consult.de\\\/#organization\",\"name\":\"BKW Consult UG (haftungsbeschr\u00e4nkt)\",\"alternateName\":\"BKWC UG\",\"url\":\"https:\\\/\\\/www.bkw-consult.de\\\/\",\"logo\":{\"@type\":\"ImageObject\",\"inLanguage\":\"de\",\"@id\":\"https:\\\/\\\/www.bkw-consult.de\\\/#\\\/schema\\\/logo\\\/image\\\/\",\"url\":\"https:\\\/\\\/www.bkw-consult.de\\\/wp-content\\\/uploads\\\/2023\\\/06\\\/Screenshot-2023-06-16-132406.png\",\"contentUrl\":\"https:\\\/\\\/www.bkw-consult.de\\\/wp-content\\\/uploads\\\/2023\\\/06\\\/Screenshot-2023-06-16-132406.png\",\"width\":1352,\"height\":283,\"caption\":\"BKW Consult UG (haftungsbeschr\u00e4nkt)\"},\"image\":{\"@id\":\"https:\\\/\\\/www.bkw-consult.de\\\/#\\\/schema\\\/logo\\\/image\\\/\"},\"sameAs\":[\"https:\\\/\\\/x.com\\\/BKWConsultGmbH\",\"https:\\\/\\\/www.linkedin.com\\\/company\\\/bkw-consult-ug\\\/\"]}]}<\/script>\n<!-- \/ Yoast SEO plugin. -->","yoast_head_json":{"title":"PowerBI Showcase - BKW Consult UG","robots":{"index":"index","follow":"follow","max-snippet":"max-snippet:-1","max-image-preview":"max-image-preview:large","max-video-preview":"max-video-preview:-1"},"canonical":"https:\/\/www.bkw-consult.de\/?page_id=134","og_locale":"de_DE","og_type":"article","og_title":"PowerBI Showcase - BKW Consult UG","og_description":"Das ist eine Auswertung einer Internetseite von Wikipedia (https:\/\/de.wikipedia.org\/wiki\/Einwohnerentwicklung_von_M%C3%BCnchen). Auf dieser Seite sind die f\u00fcr die obige Visualisierung n\u00f6tigen Zahlen \u00fcber sehr viele Tabellen verteilt. Die Hauptaufgabe bestand darin die korrekten Daten von dieser Netzseite zu extrahieren und zu transformieren. Verglichen mit dem anderen Showcase ist die Darstellung hier &#8222;quick and dirty&#8220;.","og_url":"https:\/\/www.bkw-consult.de\/?page_id=134","og_site_name":"BKW Consult UG","article_modified_time":"2025-03-26T10:10:18+00:00","twitter_card":"summary_large_image","twitter_site":"@BKWConsultGmbH","twitter_misc":{"Gesch\u00e4tzte Lesezeit":"1\u00a0Minute"},"schema":{"@context":"https:\/\/schema.org","@graph":[{"@type":"WebPage","@id":"https:\/\/www.bkw-consult.de\/?page_id=134","url":"https:\/\/www.bkw-consult.de\/?page_id=134","name":"PowerBI Showcase - BKW Consult UG","isPartOf":{"@id":"https:\/\/www.bkw-consult.de\/#website"},"datePublished":"2025-03-26T10:10:17+00:00","dateModified":"2025-03-26T10:10:18+00:00","breadcrumb":{"@id":"https:\/\/www.bkw-consult.de\/?page_id=134#breadcrumb"},"inLanguage":"de","potentialAction":[{"@type":"ReadAction","target":["https:\/\/www.bkw-consult.de\/?page_id=134"]}]},{"@type":"BreadcrumbList","@id":"https:\/\/www.bkw-consult.de\/?page_id=134#breadcrumb","itemListElement":[{"@type":"ListItem","position":1,"name":"Startseite","item":"https:\/\/www.bkw-consult.de\/"},{"@type":"ListItem","position":2,"name":"PowerBI Showcase"}]},{"@type":"WebSite","@id":"https:\/\/www.bkw-consult.de\/#website","url":"https:\/\/www.bkw-consult.de\/","name":"BKW Consult","description":"IT Beratung f\u00fcr Business Intelligence, Automatisierung und moderne Zusammenarbeit. Und das mit Sicherheit.","publisher":{"@id":"https:\/\/www.bkw-consult.de\/#organization"},"alternateName":"BKWCUG","potentialAction":[{"@type":"SearchAction","target":{"@type":"EntryPoint","urlTemplate":"https:\/\/www.bkw-consult.de\/?s={search_term_string}"},"query-input":{"@type":"PropertyValueSpecification","valueRequired":true,"valueName":"search_term_string"}}],"inLanguage":"de"},{"@type":"Organization","@id":"https:\/\/www.bkw-consult.de\/#organization","name":"BKW Consult UG (haftungsbeschr\u00e4nkt)","alternateName":"BKWC UG","url":"https:\/\/www.bkw-consult.de\/","logo":{"@type":"ImageObject","inLanguage":"de","@id":"https:\/\/www.bkw-consult.de\/#\/schema\/logo\/image\/","url":"https:\/\/www.bkw-consult.de\/wp-content\/uploads\/2023\/06\/Screenshot-2023-06-16-132406.png","contentUrl":"https:\/\/www.bkw-consult.de\/wp-content\/uploads\/2023\/06\/Screenshot-2023-06-16-132406.png","width":1352,"height":283,"caption":"BKW Consult UG (haftungsbeschr\u00e4nkt)"},"image":{"@id":"https:\/\/www.bkw-consult.de\/#\/schema\/logo\/image\/"},"sameAs":["https:\/\/x.com\/BKWConsultGmbH","https:\/\/www.linkedin.com\/company\/bkw-consult-ug\/"]}]}},"_links":{"self":[{"href":"https:\/\/www.bkw-consult.de\/index.php?rest_route=\/wp\/v2\/pages\/134","targetHints":{"allow":["GET"]}}],"collection":[{"href":"https:\/\/www.bkw-consult.de\/index.php?rest_route=\/wp\/v2\/pages"}],"about":[{"href":"https:\/\/www.bkw-consult.de\/index.php?rest_route=\/wp\/v2\/types\/page"}],"author":[{"embeddable":true,"href":"https:\/\/www.bkw-consult.de\/index.php?rest_route=\/wp\/v2\/users\/1"}],"replies":[{"embeddable":true,"href":"https:\/\/www.bkw-consult.de\/index.php?rest_route=%2Fwp%2Fv2%2Fcomments&post=134"}],"version-history":[{"count":2,"href":"https:\/\/www.bkw-consult.de\/index.php?rest_route=\/wp\/v2\/pages\/134\/revisions"}],"predecessor-version":[{"id":139,"href":"https:\/\/www.bkw-consult.de\/index.php?rest_route=\/wp\/v2\/pages\/134\/revisions\/139"}],"wp:attachment":[{"href":"https:\/\/www.bkw-consult.de\/index.php?rest_route=%2Fwp%2Fv2%2Fmedia&parent=134"}],"curies":[{"name":"wp","href":"https:\/\/api.w.org\/{rel}","templated":true}]}}