
{"id":149,"date":"2025-07-30T10:15:49","date_gmt":"2025-07-30T09:15:49","guid":{"rendered":"https:\/\/www.bkw-consult.de\/?page_id=149"},"modified":"2025-07-30T10:15:50","modified_gmt":"2025-07-30T09:15:50","slug":"aufbauschulung-ms-power-bi-fuer-fortgeschrittene","status":"publish","type":"page","link":"https:\/\/www.bkw-consult.de\/?page_id=149","title":{"rendered":"Aufbauschulung MS Power BI f\u00fcr Fortgeschrittene"},"content":{"rendered":"\n<div class=\"wp-block-group\"><div class=\"wp-block-group__inner-container is-layout-constrained wp-block-group-is-layout-constrained\">\n<div class=\"wp-block-group\"><div class=\"wp-block-group__inner-container is-layout-constrained wp-block-group-is-layout-constrained\">\n<h2 class=\"wp-block-heading\">Wiederholung der Grundlagenschulung:<\/h2>\n\n\n\n<ul class=\"wp-block-list\">\n<li>Erste Benutzung von Power Query f\u00fcr Power BI. Einfache Transformationen (Bedeutung von Feldtypen\/ Datentypen, Autofill, \u2026)<\/li>\n\n\n\n<li>Einfache Abfragen: Excel, CSV, \u2026<\/li>\n<\/ul>\n\n\n\n<h2 class=\"wp-block-heading\">Power Query f\u00fcr Power BI:<\/h2>\n\n\n\n<ul class=\"wp-block-list\">\n<li>Warum normalisieren wir Tabellen? Warum gibt es sooo viele Tabellen?<\/li>\n\n\n\n<li>Komplexe Transformationen: Gebietsschemata, Transponieren, Fehler\u2026<\/li>\n\n\n\n<li>Komplexe Abfragen: Ordner (wenn es bei Ihnen zum Einsatz kommt: SharePoint Konnektoren<\/li>\n<\/ul>\n\n\n\n<h2 class=\"wp-block-heading\">Data Modelling:<\/h2>\n\n\n\n<ul class=\"wp-block-list\">\n<li>UID-Spalten und ein Hinweis zu m:n-Relationen<\/li>\n\n\n\n<li>Dabei auch bidirektionale Filter<\/li>\n<\/ul>\n\n\n\n<h2 class=\"wp-block-heading\">DAX:<\/h2>\n\n\n\n<ul class=\"wp-block-list\">\n<li>Erstellen von Tabellen mit DAX<\/li>\n\n\n\n<li>Filterkontext<\/li>\n\n\n\n<li>Wiederholung der einfachen DAX: SUM, &#8230;<\/li>\n\n\n\n<li>Erweiterte DAX: CALCULATE, COUNTROWS, DIVIDE, \u2026<\/li>\n<\/ul>\n\n\n\n<h2 class=\"wp-block-heading\">Eine Einf\u00fchrung in Time Intelligence:<\/h2>\n\n\n\n<ul class=\"wp-block-list\">\n<li>Kalendertabelle\/ Datumstabelle<\/li>\n\n\n\n<li>Time Intelligence DAX: TOTALYTD, SAMEPERIODLASTYEAR, \u2026<\/li>\n<\/ul>\n\n\n\n<h2 class=\"wp-block-heading\">Neue Visuals:<\/h2>\n\n\n\n<ul class=\"wp-block-list\">\n<li>Combined Visuals<\/li>\n\n\n\n<li>Treemap<\/li>\n\n\n\n<li>Map<\/li>\n<\/ul>\n\n\n\n<h2 class=\"wp-block-heading\">Leichtere Lesbarkeit\/ moderne Gestaltung (Umrandungen, Abst\u00e4nde, Transparenz, \u2026)<\/h2>\n\n\n\n<h2 class=\"wp-block-heading\">Fortgeschrittene Techniken der Visualisierung:<\/h2>\n\n\n\n<ul class=\"wp-block-list\">\n<li>Tool Tip\/ Quick Info<\/li>\n\n\n\n<li>Dynamische Beschriftungen<\/li>\n\n\n\n<li>Field Parameters und Drill Through<\/li>\n<\/ul>\n\n\n\n<h2 class=\"wp-block-heading\">Sicherheit:<\/h2>\n\n\n\n<ul class=\"wp-block-list\">\n<li>Row-Level Security (RLS)<\/li>\n\n\n\n<li>DAX: USERPRINCIPALNAME()<\/li>\n\n\n\n<li>Sicherheit in der Cloud-Version von Power BI<\/li>\n<\/ul>\n\n\n\n<h2 class=\"wp-block-heading\">Verwendung von Measure Tabellen<\/h2>\n\n\n\n<h2 class=\"wp-block-heading\">Advanced M and Power Query Functions:<\/h2>\n\n\n\n<ul class=\"wp-block-list\">\n<li>Parameter<\/li>\n\n\n\n<li>Benutzererstellte Funktionen<\/li>\n<\/ul>\n\n\n\n<p class=\"wp-block-paragraph\"><\/p>\n<\/div><\/div>\n<\/div><\/div>\n","protected":false},"excerpt":{"rendered":"<p>Wiederholung der Grundlagenschulung: Power Query f\u00fcr Power BI: Data Modelling: DAX: Eine Einf\u00fchrung in Time Intelligence: Neue Visuals: Leichtere Lesbarkeit\/ moderne Gestaltung (Umrandungen, Abst\u00e4nde, Transparenz, \u2026) Fortgeschrittene Techniken der Visualisierung: Sicherheit: Verwendung von Measure Tabellen Advanced M and Power Query Functions:<\/p>\n","protected":false},"author":1,"featured_media":150,"parent":0,"menu_order":0,"comment_status":"closed","ping_status":"closed","template":"","meta":{"_crdt_document":"","footnotes":""},"class_list":["post-149","page","type-page","status-publish","has-post-thumbnail","hentry"],"yoast_head":"<!-- This site is optimized with the Yoast SEO plugin v27.6 - https:\/\/yoast.com\/product\/yoast-seo-wordpress\/ -->\n<title>Aufbauschulung MS Power BI f\u00fcr Fortgeschrittene - BKW Consult UG<\/title>\n<meta name=\"robots\" content=\"index, follow, max-snippet:-1, max-image-preview:large, max-video-preview:-1\" \/>\n<link rel=\"canonical\" href=\"https:\/\/www.bkw-consult.de\/?page_id=149\" \/>\n<meta property=\"og:locale\" content=\"de_DE\" \/>\n<meta property=\"og:type\" content=\"article\" \/>\n<meta property=\"og:title\" content=\"Aufbauschulung MS Power BI f\u00fcr Fortgeschrittene - BKW Consult UG\" \/>\n<meta property=\"og:description\" content=\"Wiederholung der Grundlagenschulung: Power Query f\u00fcr Power BI: Data Modelling: DAX: Eine Einf\u00fchrung in Time Intelligence: Neue Visuals: Leichtere Lesbarkeit\/ moderne Gestaltung (Umrandungen, Abst\u00e4nde, Transparenz, \u2026) Fortgeschrittene Techniken der Visualisierung: Sicherheit: Verwendung von Measure Tabellen Advanced M and Power Query Functions:\" \/>\n<meta property=\"og:url\" content=\"https:\/\/www.bkw-consult.de\/?page_id=149\" \/>\n<meta property=\"og:site_name\" content=\"BKW Consult UG\" \/>\n<meta property=\"article:modified_time\" content=\"2025-07-30T09:15:50+00:00\" \/>\n<meta property=\"og:image\" content=\"https:\/\/www.bkw-consult.de\/wp-content\/uploads\/2025\/07\/image-2.jpg\" \/>\n\t<meta property=\"og:image:width\" content=\"960\" \/>\n\t<meta property=\"og:image:height\" content=\"960\" \/>\n\t<meta property=\"og:image:type\" content=\"image\/jpeg\" \/>\n<meta name=\"twitter:card\" content=\"summary_large_image\" \/>\n<meta name=\"twitter:site\" content=\"@BKWConsultGmbH\" \/>\n<meta name=\"twitter:label1\" content=\"Gesch\u00e4tzte Lesezeit\" \/>\n\t<meta name=\"twitter:data1\" content=\"2\u00a0Minuten\" \/>\n<script type=\"application\/ld+json\" class=\"yoast-schema-graph\">{\"@context\":\"https:\\\/\\\/schema.org\",\"@graph\":[{\"@type\":\"WebPage\",\"@id\":\"https:\\\/\\\/www.bkw-consult.de\\\/?page_id=149\",\"url\":\"https:\\\/\\\/www.bkw-consult.de\\\/?page_id=149\",\"name\":\"Aufbauschulung MS Power BI f\u00fcr Fortgeschrittene - BKW Consult UG\",\"isPartOf\":{\"@id\":\"https:\\\/\\\/www.bkw-consult.de\\\/#website\"},\"primaryImageOfPage\":{\"@id\":\"https:\\\/\\\/www.bkw-consult.de\\\/?page_id=149#primaryimage\"},\"image\":{\"@id\":\"https:\\\/\\\/www.bkw-consult.de\\\/?page_id=149#primaryimage\"},\"thumbnailUrl\":\"https:\\\/\\\/www.bkw-consult.de\\\/wp-content\\\/uploads\\\/2025\\\/07\\\/image-2.jpg\",\"datePublished\":\"2025-07-30T09:15:49+00:00\",\"dateModified\":\"2025-07-30T09:15:50+00:00\",\"breadcrumb\":{\"@id\":\"https:\\\/\\\/www.bkw-consult.de\\\/?page_id=149#breadcrumb\"},\"inLanguage\":\"de\",\"potentialAction\":[{\"@type\":\"ReadAction\",\"target\":[\"https:\\\/\\\/www.bkw-consult.de\\\/?page_id=149\"]}]},{\"@type\":\"ImageObject\",\"inLanguage\":\"de\",\"@id\":\"https:\\\/\\\/www.bkw-consult.de\\\/?page_id=149#primaryimage\",\"url\":\"https:\\\/\\\/www.bkw-consult.de\\\/wp-content\\\/uploads\\\/2025\\\/07\\\/image-2.jpg\",\"contentUrl\":\"https:\\\/\\\/www.bkw-consult.de\\\/wp-content\\\/uploads\\\/2025\\\/07\\\/image-2.jpg\",\"width\":960,\"height\":960,\"caption\":\"Bild erstellt von Grok 3, xAI\"},{\"@type\":\"BreadcrumbList\",\"@id\":\"https:\\\/\\\/www.bkw-consult.de\\\/?page_id=149#breadcrumb\",\"itemListElement\":[{\"@type\":\"ListItem\",\"position\":1,\"name\":\"Startseite\",\"item\":\"https:\\\/\\\/www.bkw-consult.de\\\/\"},{\"@type\":\"ListItem\",\"position\":2,\"name\":\"Aufbauschulung MS Power BI f\u00fcr Fortgeschrittene\"}]},{\"@type\":\"WebSite\",\"@id\":\"https:\\\/\\\/www.bkw-consult.de\\\/#website\",\"url\":\"https:\\\/\\\/www.bkw-consult.de\\\/\",\"name\":\"BKW Consult\",\"description\":\"IT Beratung f\u00fcr Business Intelligence, Automatisierung und moderne Zusammenarbeit. Und das mit Sicherheit.\",\"publisher\":{\"@id\":\"https:\\\/\\\/www.bkw-consult.de\\\/#organization\"},\"alternateName\":\"BKWCUG\",\"potentialAction\":[{\"@type\":\"SearchAction\",\"target\":{\"@type\":\"EntryPoint\",\"urlTemplate\":\"https:\\\/\\\/www.bkw-consult.de\\\/?s={search_term_string}\"},\"query-input\":{\"@type\":\"PropertyValueSpecification\",\"valueRequired\":true,\"valueName\":\"search_term_string\"}}],\"inLanguage\":\"de\"},{\"@type\":\"Organization\",\"@id\":\"https:\\\/\\\/www.bkw-consult.de\\\/#organization\",\"name\":\"BKW Consult UG (haftungsbeschr\u00e4nkt)\",\"alternateName\":\"BKWC UG\",\"url\":\"https:\\\/\\\/www.bkw-consult.de\\\/\",\"logo\":{\"@type\":\"ImageObject\",\"inLanguage\":\"de\",\"@id\":\"https:\\\/\\\/www.bkw-consult.de\\\/#\\\/schema\\\/logo\\\/image\\\/\",\"url\":\"https:\\\/\\\/www.bkw-consult.de\\\/wp-content\\\/uploads\\\/2023\\\/06\\\/Screenshot-2023-06-16-132406.png\",\"contentUrl\":\"https:\\\/\\\/www.bkw-consult.de\\\/wp-content\\\/uploads\\\/2023\\\/06\\\/Screenshot-2023-06-16-132406.png\",\"width\":1352,\"height\":283,\"caption\":\"BKW Consult UG (haftungsbeschr\u00e4nkt)\"},\"image\":{\"@id\":\"https:\\\/\\\/www.bkw-consult.de\\\/#\\\/schema\\\/logo\\\/image\\\/\"},\"sameAs\":[\"https:\\\/\\\/x.com\\\/BKWConsultGmbH\",\"https:\\\/\\\/www.linkedin.com\\\/company\\\/bkw-consult-ug\\\/\"]}]}<\/script>\n<!-- \/ Yoast SEO plugin. -->","yoast_head_json":{"title":"Aufbauschulung MS Power BI f\u00fcr Fortgeschrittene - BKW Consult UG","robots":{"index":"index","follow":"follow","max-snippet":"max-snippet:-1","max-image-preview":"max-image-preview:large","max-video-preview":"max-video-preview:-1"},"canonical":"https:\/\/www.bkw-consult.de\/?page_id=149","og_locale":"de_DE","og_type":"article","og_title":"Aufbauschulung MS Power BI f\u00fcr Fortgeschrittene - BKW Consult UG","og_description":"Wiederholung der Grundlagenschulung: Power Query f\u00fcr Power BI: Data Modelling: DAX: Eine Einf\u00fchrung in Time Intelligence: Neue Visuals: Leichtere Lesbarkeit\/ moderne Gestaltung (Umrandungen, Abst\u00e4nde, Transparenz, \u2026) Fortgeschrittene Techniken der Visualisierung: Sicherheit: Verwendung von Measure Tabellen Advanced M and Power Query Functions:","og_url":"https:\/\/www.bkw-consult.de\/?page_id=149","og_site_name":"BKW Consult UG","article_modified_time":"2025-07-30T09:15:50+00:00","og_image":[{"width":960,"height":960,"url":"https:\/\/www.bkw-consult.de\/wp-content\/uploads\/2025\/07\/image-2.jpg","type":"image\/jpeg"}],"twitter_card":"summary_large_image","twitter_site":"@BKWConsultGmbH","twitter_misc":{"Gesch\u00e4tzte Lesezeit":"2\u00a0Minuten"},"schema":{"@context":"https:\/\/schema.org","@graph":[{"@type":"WebPage","@id":"https:\/\/www.bkw-consult.de\/?page_id=149","url":"https:\/\/www.bkw-consult.de\/?page_id=149","name":"Aufbauschulung MS Power BI f\u00fcr Fortgeschrittene - BKW Consult UG","isPartOf":{"@id":"https:\/\/www.bkw-consult.de\/#website"},"primaryImageOfPage":{"@id":"https:\/\/www.bkw-consult.de\/?page_id=149#primaryimage"},"image":{"@id":"https:\/\/www.bkw-consult.de\/?page_id=149#primaryimage"},"thumbnailUrl":"https:\/\/www.bkw-consult.de\/wp-content\/uploads\/2025\/07\/image-2.jpg","datePublished":"2025-07-30T09:15:49+00:00","dateModified":"2025-07-30T09:15:50+00:00","breadcrumb":{"@id":"https:\/\/www.bkw-consult.de\/?page_id=149#breadcrumb"},"inLanguage":"de","potentialAction":[{"@type":"ReadAction","target":["https:\/\/www.bkw-consult.de\/?page_id=149"]}]},{"@type":"ImageObject","inLanguage":"de","@id":"https:\/\/www.bkw-consult.de\/?page_id=149#primaryimage","url":"https:\/\/www.bkw-consult.de\/wp-content\/uploads\/2025\/07\/image-2.jpg","contentUrl":"https:\/\/www.bkw-consult.de\/wp-content\/uploads\/2025\/07\/image-2.jpg","width":960,"height":960,"caption":"Bild erstellt von Grok 3, xAI"},{"@type":"BreadcrumbList","@id":"https:\/\/www.bkw-consult.de\/?page_id=149#breadcrumb","itemListElement":[{"@type":"ListItem","position":1,"name":"Startseite","item":"https:\/\/www.bkw-consult.de\/"},{"@type":"ListItem","position":2,"name":"Aufbauschulung MS Power BI f\u00fcr Fortgeschrittene"}]},{"@type":"WebSite","@id":"https:\/\/www.bkw-consult.de\/#website","url":"https:\/\/www.bkw-consult.de\/","name":"BKW Consult","description":"IT Beratung f\u00fcr Business Intelligence, Automatisierung und moderne Zusammenarbeit. Und das mit Sicherheit.","publisher":{"@id":"https:\/\/www.bkw-consult.de\/#organization"},"alternateName":"BKWCUG","potentialAction":[{"@type":"SearchAction","target":{"@type":"EntryPoint","urlTemplate":"https:\/\/www.bkw-consult.de\/?s={search_term_string}"},"query-input":{"@type":"PropertyValueSpecification","valueRequired":true,"valueName":"search_term_string"}}],"inLanguage":"de"},{"@type":"Organization","@id":"https:\/\/www.bkw-consult.de\/#organization","name":"BKW Consult UG (haftungsbeschr\u00e4nkt)","alternateName":"BKWC UG","url":"https:\/\/www.bkw-consult.de\/","logo":{"@type":"ImageObject","inLanguage":"de","@id":"https:\/\/www.bkw-consult.de\/#\/schema\/logo\/image\/","url":"https:\/\/www.bkw-consult.de\/wp-content\/uploads\/2023\/06\/Screenshot-2023-06-16-132406.png","contentUrl":"https:\/\/www.bkw-consult.de\/wp-content\/uploads\/2023\/06\/Screenshot-2023-06-16-132406.png","width":1352,"height":283,"caption":"BKW Consult UG (haftungsbeschr\u00e4nkt)"},"image":{"@id":"https:\/\/www.bkw-consult.de\/#\/schema\/logo\/image\/"},"sameAs":["https:\/\/x.com\/BKWConsultGmbH","https:\/\/www.linkedin.com\/company\/bkw-consult-ug\/"]}]}},"_links":{"self":[{"href":"https:\/\/www.bkw-consult.de\/index.php?rest_route=\/wp\/v2\/pages\/149","targetHints":{"allow":["GET"]}}],"collection":[{"href":"https:\/\/www.bkw-consult.de\/index.php?rest_route=\/wp\/v2\/pages"}],"about":[{"href":"https:\/\/www.bkw-consult.de\/index.php?rest_route=\/wp\/v2\/types\/page"}],"author":[{"embeddable":true,"href":"https:\/\/www.bkw-consult.de\/index.php?rest_route=\/wp\/v2\/users\/1"}],"replies":[{"embeddable":true,"href":"https:\/\/www.bkw-consult.de\/index.php?rest_route=%2Fwp%2Fv2%2Fcomments&post=149"}],"version-history":[{"count":1,"href":"https:\/\/www.bkw-consult.de\/index.php?rest_route=\/wp\/v2\/pages\/149\/revisions"}],"predecessor-version":[{"id":151,"href":"https:\/\/www.bkw-consult.de\/index.php?rest_route=\/wp\/v2\/pages\/149\/revisions\/151"}],"wp:featuredmedia":[{"embeddable":true,"href":"https:\/\/www.bkw-consult.de\/index.php?rest_route=\/wp\/v2\/media\/150"}],"wp:attachment":[{"href":"https:\/\/www.bkw-consult.de\/index.php?rest_route=%2Fwp%2Fv2%2Fmedia&parent=149"}],"curies":[{"name":"wp","href":"https:\/\/api.w.org\/{rel}","templated":true}]}}