
{"id":98,"date":"2025-03-12T15:36:12","date_gmt":"2025-03-12T14:36:12","guid":{"rendered":"https:\/\/www.bkw-consult.de\/?page_id=98"},"modified":"2025-03-12T15:36:12","modified_gmt":"2025-03-12T14:36:12","slug":"goetz-f-wichman","status":"publish","type":"page","link":"https:\/\/www.bkw-consult.de\/?page_id=98","title":{"rendered":"G\u00f6tz F. Wichman"},"content":{"rendered":"\n<figure class=\"wp-block-table\"><table class=\"has-fixed-layout\"><tbody><tr><td>Als EDV-Berater und Change Manager begleite ich Umstiegs- und Ein\u00adf\u00fch\u00adrungs\u00adpro\u00adjek\u00adte von Cloud-Produkten, BI-Werkzeugen und Software f\u00fcr die moderne Zusammenarbeit. Hier unterst\u00fctze ich sowohl fachlich, als auch anwenderzentriert.<br>Vor allem bin ich auf Microsoft-365 und PowerPlatform-L\u00f6sungen spezialisiert und biete sowohl Beratungen und Hands-on-L\u00f6sungen als auch Einzelcoachings oder Ma\u00dfnahmen f\u00fcr Adoption und Change-Management, f\u00fcr z. B. SharePoint und Teams oder MS PowerPlatform, an.<\/td><\/tr><\/tbody><\/table><\/figure>\n\n\n\n<figure class=\"wp-block-table is-style-regular\"><table class=\"has-fixed-layout\"><thead><tr><th>Badges von Erworbenen Qualifikationen<\/th><th>Kurze Beschreibung<\/th><\/tr><\/thead><tbody><tr><td><img loading=\"lazy\" decoding=\"async\" width=\"150\" height=\"150\" class=\"wp-image-100\" style=\"width: 150px;\" src=\"https:\/\/www.bkw-consult.de\/wp-content\/uploads\/2025\/03\/professional-scrum-master-i-psm-i.png\" alt=\"\" srcset=\"https:\/\/www.bkw-consult.de\/wp-content\/uploads\/2025\/03\/professional-scrum-master-i-psm-i.png 600w, https:\/\/www.bkw-consult.de\/wp-content\/uploads\/2025\/03\/professional-scrum-master-i-psm-i-300x300.png 300w, https:\/\/www.bkw-consult.de\/wp-content\/uploads\/2025\/03\/professional-scrum-master-i-psm-i-150x150.png 150w\" sizes=\"auto, (max-width: 150px) 100vw, 150px\" \/><\/td><td><strong><a href=\"https:\/\/www.credly.com\/earner\/earned\/badge\/9518c64e-e9c3-4715-967d-6dae748c93df\">Professional Scrum Master\u2122 I (PSM I)<\/a><\/strong><br><br>Ausgestellt von <a href=\"https:\/\/www.credly.com\/org\/scrum-org\">Scrum.org<\/a><br><br>Diejenigen, die die weltweit anerkannte Zertifizierung zum Professional Scrum Master I (PSM I) erlangen, haben ein grundlegendes Niveau der Beherrschung von Scrum, einschlie\u00dflich der Konzepte der Anwendung von Scrum, und ein Verst\u00e4ndnis von Scrum, wie im Scrum Guide beschrieben, nachgewiesen. Diese Person hat auch eine konsistente Verwendung der Terminologie und des Ansatzes von Scrum nachgewiesen.<br>\u00dcbersetzt mit DeepL.com (kostenlose Version)<\/td><\/tr><tr><td><img loading=\"lazy\" decoding=\"async\" width=\"150\" height=\"150\" class=\"wp-image-101\" style=\"width: 150px;\" src=\"https:\/\/www.bkw-consult.de\/wp-content\/uploads\/2025\/03\/professional-scrum-product-owner-i-pspo-i.png\" alt=\"\" srcset=\"https:\/\/www.bkw-consult.de\/wp-content\/uploads\/2025\/03\/professional-scrum-product-owner-i-pspo-i.png 600w, https:\/\/www.bkw-consult.de\/wp-content\/uploads\/2025\/03\/professional-scrum-product-owner-i-pspo-i-300x300.png 300w, https:\/\/www.bkw-consult.de\/wp-content\/uploads\/2025\/03\/professional-scrum-product-owner-i-pspo-i-150x150.png 150w\" sizes=\"auto, (max-width: 150px) 100vw, 150px\" \/><\/td><td><strong>Professional Scrum Product Owner\u2122 I (PSPO I)<\/strong><br><br>Ausgestellt von\u00a0<a href=\"https:\/\/www.credly.com\/org\/scrum-org\">Scrum.org<\/a><br><br>Diejenigen, die die weltweit anerkannte Zertifizierung Professional Scrum Product Owner I (PSPO I) erlangen, haben ein grundlegendes Niveau von professioneller Scrum Product Ownership bewiesen, indem sie ein mittleres Verst\u00e4ndnis des Scrum-Frameworks und dessen Anwendung zur Maximierung des mit einem Produkt gelieferten Wertes nachgewiesen haben. Diese Person hat auch gezeigt, dass sie wei\u00df, wie man den Return on Investment maximiert und die Gesamtbetriebskosten eines Produkts optimiert.<br>\u00dcbersetzt mit DeepL.com (kostenlose Version)<\/td><\/tr><tr><td><img loading=\"lazy\" decoding=\"async\" width=\"150\" height=\"150\" class=\"wp-image-105\" style=\"width: 150px;\" src=\"https:\/\/www.bkw-consult.de\/wp-content\/uploads\/2025\/03\/VILT_Change_Practitioner_Certification_V2.png\" alt=\"\" srcset=\"https:\/\/www.bkw-consult.de\/wp-content\/uploads\/2025\/03\/VILT_Change_Practitioner_Certification_V2.png 600w, https:\/\/www.bkw-consult.de\/wp-content\/uploads\/2025\/03\/VILT_Change_Practitioner_Certification_V2-300x300.png 300w, https:\/\/www.bkw-consult.de\/wp-content\/uploads\/2025\/03\/VILT_Change_Practitioner_Certification_V2-150x150.png 150w\" sizes=\"auto, (max-width: 150px) 100vw, 150px\" \/><\/td><td><strong><a href=\"https:\/\/www.credly.com\/earner\/earned\/badge\/ee043496-dca9-4dc4-9b11-aedd8bae5bc0\">Prosci\u00ae Certified Change Practitioner &#8211; Delivered by Tiba Managementberatung GmbH<\/a><\/strong><br><br>Ausgestellt von\u00a0<a href=\"https:\/\/www.credly.com\/org\/prosci\">Prosci<\/a><br><br>Die Absolventen des Prosci\u00ae Certified Change Practitioner Abzeichens verf\u00fcgen \u00fcber das Wissen, die F\u00e4higkeiten und die Werkzeuge, um erfolgreiche Ver\u00e4nderungsinitiativen voranzutreiben. Sie k\u00f6nnen die Prosci-Methodik und -Werkzeuge anwenden, um eine Change-Management-Strategie und -Pl\u00e4ne zu erstellen, mit dem notwendigen Engagement, um individuelle Ver\u00e4nderungen zu erm\u00f6glichen und organisatorische Ergebnisse und Resultate zu erzielen.<br>\u00dcbersetzt mit DeepL.com (kostenlose Version)<\/td><\/tr><\/tbody><\/table><\/figure>\n\n\n\n<figure class=\"wp-block-table\"><table class=\"has-fixed-layout\"><thead><tr><th>Badges von erfolgreichen Teilnahmen<\/th><th>Kurze Beschreibung<\/th><\/tr><\/thead><tbody><tr><td><img loading=\"lazy\" decoding=\"async\" width=\"150\" height=\"150\" class=\"wp-image-107\" style=\"width: 150px;\" src=\"https:\/\/www.bkw-consult.de\/wp-content\/uploads\/2025\/03\/business-applications-cloud-week-microsoft-power-platform-fundamentals-participant_V2.png\" alt=\"\" srcset=\"https:\/\/www.bkw-consult.de\/wp-content\/uploads\/2025\/03\/business-applications-cloud-week-microsoft-power-platform-fundamentals-participant_V2.png 600w, https:\/\/www.bkw-consult.de\/wp-content\/uploads\/2025\/03\/business-applications-cloud-week-microsoft-power-platform-fundamentals-participant_V2-300x300.png 300w, https:\/\/www.bkw-consult.de\/wp-content\/uploads\/2025\/03\/business-applications-cloud-week-microsoft-power-platform-fundamentals-participant_V2-150x150.png 150w\" sizes=\"auto, (max-width: 150px) 100vw, 150px\" \/><\/td><td><strong><a href=\"https:\/\/www.credly.com\/earner\/earned\/badge\/c7e15fbd-03c9-406b-ac94-4a87dacba72d\">Business Applications Cloud Week\u2014Microsoft Power Platform Fundamentals participant<\/a><\/strong><br><br>Ausgestellt von\u00a0<a href=\"https:\/\/www.credly.com\/org\/microsoftgps\">Microsoft Global Partner Solutions (GPS)<\/a><br><br>Als Teilnehmer des Kurses Microsoft Power Platform Fundamentals m\u00f6chten Sie Ihre Produktivit\u00e4t verbessern, indem Sie die M\u00f6glichkeiten der Power Platform verstehen, grundlegende Gesch\u00e4ftsprozesse mit Power Automate automatisieren, grundlegende Datenanalysen mit Power BI durchf\u00fchren, effektiver agieren, indem Sie einfache Power-Apps-Erfahrungen erstellen, und leistungsstarke Chatbots mit Power Virtual Agents erstellen.<\/td><\/tr><\/tbody><\/table><\/figure>\n","protected":false},"excerpt":{"rendered":"<p>Als EDV-Berater und Change Manager begleite ich Umstiegs- und Ein\u00adf\u00fch\u00adrungs\u00adpro\u00adjek\u00adte von Cloud-Produkten, BI-Werkzeugen und Software f\u00fcr die moderne Zusammenarbeit. Hier unterst\u00fctze ich sowohl fachlich, als auch anwenderzentriert.Vor allem bin ich auf Microsoft-365 und PowerPlatform-L\u00f6sungen spezialisiert und biete sowohl Beratungen und Hands-on-L\u00f6sungen als auch Einzelcoachings oder Ma\u00dfnahmen f\u00fcr Adoption und Change-Management, f\u00fcr z. B. SharePoint und [&hellip;]<\/p>\n","protected":false},"author":1,"featured_media":99,"parent":0,"menu_order":0,"comment_status":"closed","ping_status":"closed","template":"","meta":{"_crdt_document":"","footnotes":""},"class_list":["post-98","page","type-page","status-publish","has-post-thumbnail","hentry"],"yoast_head":"<!-- This site is optimized with the Yoast SEO plugin v27.5 - https:\/\/yoast.com\/product\/yoast-seo-wordpress\/ -->\n<title>G\u00f6tz F. Wichman - BKW Consult UG<\/title>\n<meta name=\"robots\" content=\"index, follow, max-snippet:-1, max-image-preview:large, max-video-preview:-1\" \/>\n<link rel=\"canonical\" href=\"https:\/\/www.bkw-consult.de\/?page_id=98\" \/>\n<meta property=\"og:locale\" content=\"de_DE\" \/>\n<meta property=\"og:type\" content=\"article\" \/>\n<meta property=\"og:title\" content=\"G\u00f6tz F. Wichman - BKW Consult UG\" \/>\n<meta property=\"og:description\" content=\"Als EDV-Berater und Change Manager begleite ich Umstiegs- und Ein\u00adf\u00fch\u00adrungs\u00adpro\u00adjek\u00adte von Cloud-Produkten, BI-Werkzeugen und Software f\u00fcr die moderne Zusammenarbeit. Hier unterst\u00fctze ich sowohl fachlich, als auch anwenderzentriert.Vor allem bin ich auf Microsoft-365 und PowerPlatform-L\u00f6sungen spezialisiert und biete sowohl Beratungen und Hands-on-L\u00f6sungen als auch Einzelcoachings oder Ma\u00dfnahmen f\u00fcr Adoption und Change-Management, f\u00fcr z. B. SharePoint und [&hellip;]\" \/>\n<meta property=\"og:url\" content=\"https:\/\/www.bkw-consult.de\/?page_id=98\" \/>\n<meta property=\"og:site_name\" content=\"BKW Consult UG\" \/>\n<meta property=\"og:image\" content=\"https:\/\/www.bkw-consult.de\/wp-content\/uploads\/2025\/03\/Wichmann_Photo.jpg\" \/>\n\t<meta property=\"og:image:width\" content=\"193\" \/>\n\t<meta property=\"og:image:height\" content=\"180\" \/>\n\t<meta property=\"og:image:type\" content=\"image\/jpeg\" \/>\n<meta name=\"twitter:card\" content=\"summary_large_image\" \/>\n<meta name=\"twitter:site\" content=\"@BKWConsultGmbH\" \/>\n<meta name=\"twitter:label1\" content=\"Gesch\u00e4tzte Lesezeit\" \/>\n\t<meta name=\"twitter:data1\" content=\"3\u00a0Minuten\" \/>\n<script type=\"application\/ld+json\" class=\"yoast-schema-graph\">{\"@context\":\"https:\\\/\\\/schema.org\",\"@graph\":[{\"@type\":\"WebPage\",\"@id\":\"https:\\\/\\\/www.bkw-consult.de\\\/?page_id=98\",\"url\":\"https:\\\/\\\/www.bkw-consult.de\\\/?page_id=98\",\"name\":\"G\u00f6tz F. Wichman - BKW Consult UG\",\"isPartOf\":{\"@id\":\"https:\\\/\\\/www.bkw-consult.de\\\/#website\"},\"primaryImageOfPage\":{\"@id\":\"https:\\\/\\\/www.bkw-consult.de\\\/?page_id=98#primaryimage\"},\"image\":{\"@id\":\"https:\\\/\\\/www.bkw-consult.de\\\/?page_id=98#primaryimage\"},\"thumbnailUrl\":\"https:\\\/\\\/www.bkw-consult.de\\\/wp-content\\\/uploads\\\/2025\\\/03\\\/Wichmann_Photo.jpg\",\"datePublished\":\"2025-03-12T14:36:12+00:00\",\"breadcrumb\":{\"@id\":\"https:\\\/\\\/www.bkw-consult.de\\\/?page_id=98#breadcrumb\"},\"inLanguage\":\"de\",\"potentialAction\":[{\"@type\":\"ReadAction\",\"target\":[\"https:\\\/\\\/www.bkw-consult.de\\\/?page_id=98\"]}]},{\"@type\":\"ImageObject\",\"inLanguage\":\"de\",\"@id\":\"https:\\\/\\\/www.bkw-consult.de\\\/?page_id=98#primaryimage\",\"url\":\"https:\\\/\\\/www.bkw-consult.de\\\/wp-content\\\/uploads\\\/2025\\\/03\\\/Wichmann_Photo.jpg\",\"contentUrl\":\"https:\\\/\\\/www.bkw-consult.de\\\/wp-content\\\/uploads\\\/2025\\\/03\\\/Wichmann_Photo.jpg\",\"width\":193,\"height\":180},{\"@type\":\"BreadcrumbList\",\"@id\":\"https:\\\/\\\/www.bkw-consult.de\\\/?page_id=98#breadcrumb\",\"itemListElement\":[{\"@type\":\"ListItem\",\"position\":1,\"name\":\"Startseite\",\"item\":\"https:\\\/\\\/www.bkw-consult.de\\\/\"},{\"@type\":\"ListItem\",\"position\":2,\"name\":\"G\u00f6tz F. Wichman\"}]},{\"@type\":\"WebSite\",\"@id\":\"https:\\\/\\\/www.bkw-consult.de\\\/#website\",\"url\":\"https:\\\/\\\/www.bkw-consult.de\\\/\",\"name\":\"BKW Consult\",\"description\":\"IT Beratung f\u00fcr Business Intelligence, Automatisierung und moderne Zusammenarbeit. Und das mit Sicherheit.\",\"publisher\":{\"@id\":\"https:\\\/\\\/www.bkw-consult.de\\\/#organization\"},\"alternateName\":\"BKWCUG\",\"potentialAction\":[{\"@type\":\"SearchAction\",\"target\":{\"@type\":\"EntryPoint\",\"urlTemplate\":\"https:\\\/\\\/www.bkw-consult.de\\\/?s={search_term_string}\"},\"query-input\":{\"@type\":\"PropertyValueSpecification\",\"valueRequired\":true,\"valueName\":\"search_term_string\"}}],\"inLanguage\":\"de\"},{\"@type\":\"Organization\",\"@id\":\"https:\\\/\\\/www.bkw-consult.de\\\/#organization\",\"name\":\"BKW Consult UG (haftungsbeschr\u00e4nkt)\",\"alternateName\":\"BKWC UG\",\"url\":\"https:\\\/\\\/www.bkw-consult.de\\\/\",\"logo\":{\"@type\":\"ImageObject\",\"inLanguage\":\"de\",\"@id\":\"https:\\\/\\\/www.bkw-consult.de\\\/#\\\/schema\\\/logo\\\/image\\\/\",\"url\":\"https:\\\/\\\/www.bkw-consult.de\\\/wp-content\\\/uploads\\\/2023\\\/06\\\/Screenshot-2023-06-16-132406.png\",\"contentUrl\":\"https:\\\/\\\/www.bkw-consult.de\\\/wp-content\\\/uploads\\\/2023\\\/06\\\/Screenshot-2023-06-16-132406.png\",\"width\":1352,\"height\":283,\"caption\":\"BKW Consult UG (haftungsbeschr\u00e4nkt)\"},\"image\":{\"@id\":\"https:\\\/\\\/www.bkw-consult.de\\\/#\\\/schema\\\/logo\\\/image\\\/\"},\"sameAs\":[\"https:\\\/\\\/x.com\\\/BKWConsultGmbH\",\"https:\\\/\\\/www.linkedin.com\\\/company\\\/bkw-consult-ug\\\/\"]}]}<\/script>\n<!-- \/ Yoast SEO plugin. -->","yoast_head_json":{"title":"G\u00f6tz F. Wichman - BKW Consult UG","robots":{"index":"index","follow":"follow","max-snippet":"max-snippet:-1","max-image-preview":"max-image-preview:large","max-video-preview":"max-video-preview:-1"},"canonical":"https:\/\/www.bkw-consult.de\/?page_id=98","og_locale":"de_DE","og_type":"article","og_title":"G\u00f6tz F. Wichman - BKW Consult UG","og_description":"Als EDV-Berater und Change Manager begleite ich Umstiegs- und Ein\u00adf\u00fch\u00adrungs\u00adpro\u00adjek\u00adte von Cloud-Produkten, BI-Werkzeugen und Software f\u00fcr die moderne Zusammenarbeit. Hier unterst\u00fctze ich sowohl fachlich, als auch anwenderzentriert.Vor allem bin ich auf Microsoft-365 und PowerPlatform-L\u00f6sungen spezialisiert und biete sowohl Beratungen und Hands-on-L\u00f6sungen als auch Einzelcoachings oder Ma\u00dfnahmen f\u00fcr Adoption und Change-Management, f\u00fcr z. B. SharePoint und [&hellip;]","og_url":"https:\/\/www.bkw-consult.de\/?page_id=98","og_site_name":"BKW Consult UG","og_image":[{"width":193,"height":180,"url":"https:\/\/www.bkw-consult.de\/wp-content\/uploads\/2025\/03\/Wichmann_Photo.jpg","type":"image\/jpeg"}],"twitter_card":"summary_large_image","twitter_site":"@BKWConsultGmbH","twitter_misc":{"Gesch\u00e4tzte Lesezeit":"3\u00a0Minuten"},"schema":{"@context":"https:\/\/schema.org","@graph":[{"@type":"WebPage","@id":"https:\/\/www.bkw-consult.de\/?page_id=98","url":"https:\/\/www.bkw-consult.de\/?page_id=98","name":"G\u00f6tz F. Wichman - BKW Consult UG","isPartOf":{"@id":"https:\/\/www.bkw-consult.de\/#website"},"primaryImageOfPage":{"@id":"https:\/\/www.bkw-consult.de\/?page_id=98#primaryimage"},"image":{"@id":"https:\/\/www.bkw-consult.de\/?page_id=98#primaryimage"},"thumbnailUrl":"https:\/\/www.bkw-consult.de\/wp-content\/uploads\/2025\/03\/Wichmann_Photo.jpg","datePublished":"2025-03-12T14:36:12+00:00","breadcrumb":{"@id":"https:\/\/www.bkw-consult.de\/?page_id=98#breadcrumb"},"inLanguage":"de","potentialAction":[{"@type":"ReadAction","target":["https:\/\/www.bkw-consult.de\/?page_id=98"]}]},{"@type":"ImageObject","inLanguage":"de","@id":"https:\/\/www.bkw-consult.de\/?page_id=98#primaryimage","url":"https:\/\/www.bkw-consult.de\/wp-content\/uploads\/2025\/03\/Wichmann_Photo.jpg","contentUrl":"https:\/\/www.bkw-consult.de\/wp-content\/uploads\/2025\/03\/Wichmann_Photo.jpg","width":193,"height":180},{"@type":"BreadcrumbList","@id":"https:\/\/www.bkw-consult.de\/?page_id=98#breadcrumb","itemListElement":[{"@type":"ListItem","position":1,"name":"Startseite","item":"https:\/\/www.bkw-consult.de\/"},{"@type":"ListItem","position":2,"name":"G\u00f6tz F. Wichman"}]},{"@type":"WebSite","@id":"https:\/\/www.bkw-consult.de\/#website","url":"https:\/\/www.bkw-consult.de\/","name":"BKW Consult","description":"IT Beratung f\u00fcr Business Intelligence, Automatisierung und moderne Zusammenarbeit. Und das mit Sicherheit.","publisher":{"@id":"https:\/\/www.bkw-consult.de\/#organization"},"alternateName":"BKWCUG","potentialAction":[{"@type":"SearchAction","target":{"@type":"EntryPoint","urlTemplate":"https:\/\/www.bkw-consult.de\/?s={search_term_string}"},"query-input":{"@type":"PropertyValueSpecification","valueRequired":true,"valueName":"search_term_string"}}],"inLanguage":"de"},{"@type":"Organization","@id":"https:\/\/www.bkw-consult.de\/#organization","name":"BKW Consult UG (haftungsbeschr\u00e4nkt)","alternateName":"BKWC UG","url":"https:\/\/www.bkw-consult.de\/","logo":{"@type":"ImageObject","inLanguage":"de","@id":"https:\/\/www.bkw-consult.de\/#\/schema\/logo\/image\/","url":"https:\/\/www.bkw-consult.de\/wp-content\/uploads\/2023\/06\/Screenshot-2023-06-16-132406.png","contentUrl":"https:\/\/www.bkw-consult.de\/wp-content\/uploads\/2023\/06\/Screenshot-2023-06-16-132406.png","width":1352,"height":283,"caption":"BKW Consult UG (haftungsbeschr\u00e4nkt)"},"image":{"@id":"https:\/\/www.bkw-consult.de\/#\/schema\/logo\/image\/"},"sameAs":["https:\/\/x.com\/BKWConsultGmbH","https:\/\/www.linkedin.com\/company\/bkw-consult-ug\/"]}]}},"_links":{"self":[{"href":"https:\/\/www.bkw-consult.de\/index.php?rest_route=\/wp\/v2\/pages\/98","targetHints":{"allow":["GET"]}}],"collection":[{"href":"https:\/\/www.bkw-consult.de\/index.php?rest_route=\/wp\/v2\/pages"}],"about":[{"href":"https:\/\/www.bkw-consult.de\/index.php?rest_route=\/wp\/v2\/types\/page"}],"author":[{"embeddable":true,"href":"https:\/\/www.bkw-consult.de\/index.php?rest_route=\/wp\/v2\/users\/1"}],"replies":[{"embeddable":true,"href":"https:\/\/www.bkw-consult.de\/index.php?rest_route=%2Fwp%2Fv2%2Fcomments&post=98"}],"version-history":[{"count":3,"href":"https:\/\/www.bkw-consult.de\/index.php?rest_route=\/wp\/v2\/pages\/98\/revisions"}],"predecessor-version":[{"id":108,"href":"https:\/\/www.bkw-consult.de\/index.php?rest_route=\/wp\/v2\/pages\/98\/revisions\/108"}],"wp:featuredmedia":[{"embeddable":true,"href":"https:\/\/www.bkw-consult.de\/index.php?rest_route=\/wp\/v2\/media\/99"}],"wp:attachment":[{"href":"https:\/\/www.bkw-consult.de\/index.php?rest_route=%2Fwp%2Fv2%2Fmedia&parent=98"}],"curies":[{"name":"wp","href":"https:\/\/api.w.org\/{rel}","templated":true}]}}